{"id":705,"date":"2024-08-06T13:39:48","date_gmt":"2024-08-06T11:39:48","guid":{"rendered":"https:\/\/enjoymarbella.net\/?post_type=product&#038;p=705"},"modified":"2024-08-14T13:21:29","modified_gmt":"2024-08-14T11:21:29","slug":"sesion-de-fotografia-y-video-dron-para-jet-skis-o-barcos-privados-con-desplazamiento","status":"publish","type":"product","link":"https:\/\/enjoymarbella.net\/en\/shop\/sesion-de-fotografia-y-video-dron-para-jet-skis-o-barcos-privados-con-desplazamiento\/","title":{"rendered":"Photo and Drone Video Session for Jet Skis or Private Boats (outside Cabopino)"},"content":{"rendered":"<p>Capture the excitement and beauty of your sea adventures with our photo and drone video sessions.<\/p>\n<p>We offer professional services for jet skis and private boats, ensuring every moment is captured with the highest quality. From departure at your chosen marina to your time in open sea, our team will record spectacular images and videos that allow you to relive each moment.<\/p>\n<p><strong>Price per hour.<\/strong><\/p>","protected":false},"excerpt":{"rendered":"<p>Capture the excitement and beauty of your sea adventures with our photo and drone video sessions.<\/p>\n<p>We offer professional services for jet skis and private boats, ensuring every moment is captured with the highest quality.<\/p>\n<p>From departure at your chosen marina to your time in open sea, our team will record spectacular images and videos that allow you to relive each moment.<\/p>\n<p>Price per hour.<\/p>","protected":false},"featured_media":768,"comment_status":"open","ping_status":"closed","template":"","meta":{"neve_meta_sidebar":"","neve_meta_container":"","neve_meta_enable_content_width":"off","neve_meta_content_width":100,"neve_meta_title_alignment":"","neve_meta_author_avatar":"","neve_post_elements_order":"","neve_meta_disable_header":"","neve_meta_disable_footer":"","neve_meta_disable_title":"","_themeisle_gutenberg_block_has_review":false},"product_brand":[],"product_cat":[15],"product_tag":[],"class_list":{"0":"post-705","1":"product","2":"type-product","3":"status-publish","4":"has-post-thumbnail","6":"product_cat-uncategorized","8":"first","9":"instock","10":"shipping-taxable","11":"purchasable","12":"product-type-simple"},"yoast_head":"<!-- This site is optimized with the Yoast SEO plugin v25.3.1 - https:\/\/yoast.com\/wordpress\/plugins\/seo\/ -->\n<title>Sesi\u00f3n de fotograf\u00eda y video dron para Jet Skis o barcos privados (con desplazamiento) - Enjoy Marbella<\/title>\n<meta name=\"robots\" content=\"index, follow, max-snippet:-1, max-image-preview:large, max-video-preview:-1\" \/>\n<link rel=\"canonical\" href=\"https:\/\/enjoymarbella.net\/en\/shop\/sesion-de-fotografia-y-video-dron-para-jet-skis-o-barcos-privados-con-desplazamiento\/\" \/>\n<meta property=\"og:locale\" content=\"en_US\" \/>\n<meta property=\"og:type\" content=\"article\" \/>\n<meta property=\"og:title\" content=\"Sesi\u00f3n de fotograf\u00eda y video dron para Jet Skis o barcos privados (con desplazamiento) - Enjoy Marbella\" \/>\n<meta property=\"og:description\" content=\"Captura la emoci\u00f3n y belleza de tus aventuras en el mar con nuestras sesiones de fotograf\u00eda y video dron.  Ofrecemos servicios profesionales para motos de agua y barcos privados, asegur\u00e1ndonos de que cada momento sea inmortalizado con la m\u00e1xima calidad.  Desde la salida del puerto elegido hasta tu tiempo en el mar abierto, nuestro equipo capturar\u00e1 im\u00e1genes y videos espectaculares que te permitir\u00e1n revivir cada instante.  Precio por hora.\" \/>\n<meta property=\"og:url\" content=\"https:\/\/enjoymarbella.net\/en\/shop\/sesion-de-fotografia-y-video-dron-para-jet-skis-o-barcos-privados-con-desplazamiento\/\" \/>\n<meta property=\"og:site_name\" content=\"Enjoy Marbella\" \/>\n<meta property=\"article:modified_time\" content=\"2024-08-14T11:21:29+00:00\" \/>\n<meta property=\"og:image\" content=\"https:\/\/enjoymarbella.net\/wp-content\/uploads\/2024\/08\/53.jpg\" \/>\n\t<meta property=\"og:image:width\" content=\"1000\" \/>\n\t<meta property=\"og:image:height\" content=\"1000\" \/>\n\t<meta property=\"og:image:type\" content=\"image\/jpeg\" \/>\n<meta name=\"twitter:card\" content=\"summary_large_image\" \/>\n<meta name=\"twitter:label1\" content=\"Est. reading time\" \/>\n\t<meta name=\"twitter:data1\" content=\"1 minute\" \/>\n<script type=\"application\/ld+json\" class=\"yoast-schema-graph\">{\"@context\":\"https:\/\/schema.org\",\"@graph\":[{\"@type\":\"WebPage\",\"@id\":\"https:\/\/enjoymarbella.net\/shop\/sesion-de-fotografia-y-video-dron-para-jet-skis-o-barcos-privados-con-desplazamiento\/\",\"url\":\"https:\/\/enjoymarbella.net\/shop\/sesion-de-fotografia-y-video-dron-para-jet-skis-o-barcos-privados-con-desplazamiento\/\",\"name\":\"Sesi\u00f3n de fotograf\u00eda y video dron para Jet Skis o barcos privados (con desplazamiento) - Enjoy Marbella\",\"isPartOf\":{\"@id\":\"https:\/\/enjoymarbella.net\/es\/#website\"},\"primaryImageOfPage\":{\"@id\":\"https:\/\/enjoymarbella.net\/shop\/sesion-de-fotografia-y-video-dron-para-jet-skis-o-barcos-privados-con-desplazamiento\/#primaryimage\"},\"image\":{\"@id\":\"https:\/\/enjoymarbella.net\/shop\/sesion-de-fotografia-y-video-dron-para-jet-skis-o-barcos-privados-con-desplazamiento\/#primaryimage\"},\"thumbnailUrl\":\"https:\/\/enjoymarbella.net\/wp-content\/uploads\/2024\/08\/53.jpg\",\"datePublished\":\"2024-08-06T11:39:48+00:00\",\"dateModified\":\"2024-08-14T11:21:29+00:00\",\"breadcrumb\":{\"@id\":\"https:\/\/enjoymarbella.net\/shop\/sesion-de-fotografia-y-video-dron-para-jet-skis-o-barcos-privados-con-desplazamiento\/#breadcrumb\"},\"inLanguage\":\"en-US\",\"potentialAction\":[{\"@type\":\"ReadAction\",\"target\":[\"https:\/\/enjoymarbella.net\/shop\/sesion-de-fotografia-y-video-dron-para-jet-skis-o-barcos-privados-con-desplazamiento\/\"]}]},{\"@type\":\"ImageObject\",\"inLanguage\":\"en-US\",\"@id\":\"https:\/\/enjoymarbella.net\/shop\/sesion-de-fotografia-y-video-dron-para-jet-skis-o-barcos-privados-con-desplazamiento\/#primaryimage\",\"url\":\"https:\/\/enjoymarbella.net\/wp-content\/uploads\/2024\/08\/53.jpg\",\"contentUrl\":\"https:\/\/enjoymarbella.net\/wp-content\/uploads\/2024\/08\/53.jpg\",\"width\":1000,\"height\":1000},{\"@type\":\"BreadcrumbList\",\"@id\":\"https:\/\/enjoymarbella.net\/shop\/sesion-de-fotografia-y-video-dron-para-jet-skis-o-barcos-privados-con-desplazamiento\/#breadcrumb\",\"itemListElement\":[{\"@type\":\"ListItem\",\"position\":1,\"name\":\"Portada\",\"item\":\"https:\/\/enjoymarbella.net\/\"},{\"@type\":\"ListItem\",\"position\":2,\"name\":\"RESERVAS\",\"item\":\"https:\/\/enjoymarbella.net\/shop\/\"},{\"@type\":\"ListItem\",\"position\":3,\"name\":\"Sesi\u00f3n de fotograf\u00eda y video dron para Jet Skis o barcos privados (con desplazamiento)\"}]},{\"@type\":\"WebSite\",\"@id\":\"https:\/\/enjoymarbella.net\/es\/#website\",\"url\":\"https:\/\/enjoymarbella.net\/es\/\",\"name\":\"Enjoy Marbella\",\"description\":\"\",\"publisher\":{\"@id\":\"https:\/\/enjoymarbella.net\/es\/#organization\"},\"potentialAction\":[{\"@type\":\"SearchAction\",\"target\":{\"@type\":\"EntryPoint\",\"urlTemplate\":\"https:\/\/enjoymarbella.net\/es\/?s={search_term_string}\"},\"query-input\":{\"@type\":\"PropertyValueSpecification\",\"valueRequired\":true,\"valueName\":\"search_term_string\"}}],\"inLanguage\":\"en-US\"},{\"@type\":\"Organization\",\"@id\":\"https:\/\/enjoymarbella.net\/es\/#organization\",\"name\":\"Enjoy Marbella\",\"url\":\"https:\/\/enjoymarbella.net\/es\/\",\"logo\":{\"@type\":\"ImageObject\",\"inLanguage\":\"en-US\",\"@id\":\"https:\/\/enjoymarbella.net\/es\/#\/schema\/logo\/image\/\",\"url\":\"https:\/\/enjoymarbella.net\/wp-content\/uploads\/2024\/03\/cropped-ENJOY-MARBELLA-TODO-COLOR-4-copia.png\",\"contentUrl\":\"https:\/\/enjoymarbella.net\/wp-content\/uploads\/2024\/03\/cropped-ENJOY-MARBELLA-TODO-COLOR-4-copia.png\",\"width\":200,\"height\":90,\"caption\":\"Enjoy Marbella\"},\"image\":{\"@id\":\"https:\/\/enjoymarbella.net\/es\/#\/schema\/logo\/image\/\"},\"sameAs\":[\"https:\/\/www.instagram.com\/enjoy_marbella\/\"]}]}<\/script>\n<!-- \/ Yoast SEO plugin. -->","yoast_head_json":{"title":"Sesi\u00f3n de fotograf\u00eda y video dron para Jet Skis o barcos privados (con desplazamiento) - Enjoy Marbella","robots":{"index":"index","follow":"follow","max-snippet":"max-snippet:-1","max-image-preview":"max-image-preview:large","max-video-preview":"max-video-preview:-1"},"canonical":"https:\/\/enjoymarbella.net\/en\/shop\/sesion-de-fotografia-y-video-dron-para-jet-skis-o-barcos-privados-con-desplazamiento\/","og_locale":"en_US","og_type":"article","og_title":"Sesi\u00f3n de fotograf\u00eda y video dron para Jet Skis o barcos privados (con desplazamiento) - Enjoy Marbella","og_description":"Captura la emoci\u00f3n y belleza de tus aventuras en el mar con nuestras sesiones de fotograf\u00eda y video dron.  Ofrecemos servicios profesionales para motos de agua y barcos privados, asegur\u00e1ndonos de que cada momento sea inmortalizado con la m\u00e1xima calidad.  Desde la salida del puerto elegido hasta tu tiempo en el mar abierto, nuestro equipo capturar\u00e1 im\u00e1genes y videos espectaculares que te permitir\u00e1n revivir cada instante.  Precio por hora.","og_url":"https:\/\/enjoymarbella.net\/en\/shop\/sesion-de-fotografia-y-video-dron-para-jet-skis-o-barcos-privados-con-desplazamiento\/","og_site_name":"Enjoy Marbella","article_modified_time":"2024-08-14T11:21:29+00:00","og_image":[{"width":1000,"height":1000,"url":"https:\/\/enjoymarbella.net\/wp-content\/uploads\/2024\/08\/53.jpg","type":"image\/jpeg"}],"twitter_card":"summary_large_image","twitter_misc":{"Est. reading time":"1 minute"},"schema":{"@context":"https:\/\/schema.org","@graph":[{"@type":"WebPage","@id":"https:\/\/enjoymarbella.net\/shop\/sesion-de-fotografia-y-video-dron-para-jet-skis-o-barcos-privados-con-desplazamiento\/","url":"https:\/\/enjoymarbella.net\/shop\/sesion-de-fotografia-y-video-dron-para-jet-skis-o-barcos-privados-con-desplazamiento\/","name":"Sesi\u00f3n de fotograf\u00eda y video dron para Jet Skis o barcos privados (con desplazamiento) - Enjoy Marbella","isPartOf":{"@id":"https:\/\/enjoymarbella.net\/es\/#website"},"primaryImageOfPage":{"@id":"https:\/\/enjoymarbella.net\/shop\/sesion-de-fotografia-y-video-dron-para-jet-skis-o-barcos-privados-con-desplazamiento\/#primaryimage"},"image":{"@id":"https:\/\/enjoymarbella.net\/shop\/sesion-de-fotografia-y-video-dron-para-jet-skis-o-barcos-privados-con-desplazamiento\/#primaryimage"},"thumbnailUrl":"https:\/\/enjoymarbella.net\/wp-content\/uploads\/2024\/08\/53.jpg","datePublished":"2024-08-06T11:39:48+00:00","dateModified":"2024-08-14T11:21:29+00:00","breadcrumb":{"@id":"https:\/\/enjoymarbella.net\/shop\/sesion-de-fotografia-y-video-dron-para-jet-skis-o-barcos-privados-con-desplazamiento\/#breadcrumb"},"inLanguage":"en-US","potentialAction":[{"@type":"ReadAction","target":["https:\/\/enjoymarbella.net\/shop\/sesion-de-fotografia-y-video-dron-para-jet-skis-o-barcos-privados-con-desplazamiento\/"]}]},{"@type":"ImageObject","inLanguage":"en-US","@id":"https:\/\/enjoymarbella.net\/shop\/sesion-de-fotografia-y-video-dron-para-jet-skis-o-barcos-privados-con-desplazamiento\/#primaryimage","url":"https:\/\/enjoymarbella.net\/wp-content\/uploads\/2024\/08\/53.jpg","contentUrl":"https:\/\/enjoymarbella.net\/wp-content\/uploads\/2024\/08\/53.jpg","width":1000,"height":1000},{"@type":"BreadcrumbList","@id":"https:\/\/enjoymarbella.net\/shop\/sesion-de-fotografia-y-video-dron-para-jet-skis-o-barcos-privados-con-desplazamiento\/#breadcrumb","itemListElement":[{"@type":"ListItem","position":1,"name":"Portada","item":"https:\/\/enjoymarbella.net\/"},{"@type":"ListItem","position":2,"name":"RESERVAS","item":"https:\/\/enjoymarbella.net\/shop\/"},{"@type":"ListItem","position":3,"name":"Sesi\u00f3n de fotograf\u00eda y video dron para Jet Skis o barcos privados (con desplazamiento)"}]},{"@type":"WebSite","@id":"https:\/\/enjoymarbella.net\/es\/#website","url":"https:\/\/enjoymarbella.net\/es\/","name":"Enjoy Marbella","description":"","publisher":{"@id":"https:\/\/enjoymarbella.net\/es\/#organization"},"potentialAction":[{"@type":"SearchAction","target":{"@type":"EntryPoint","urlTemplate":"https:\/\/enjoymarbella.net\/es\/?s={search_term_string}"},"query-input":{"@type":"PropertyValueSpecification","valueRequired":true,"valueName":"search_term_string"}}],"inLanguage":"en-US"},{"@type":"Organization","@id":"https:\/\/enjoymarbella.net\/es\/#organization","name":"Enjoy Marbella","url":"https:\/\/enjoymarbella.net\/es\/","logo":{"@type":"ImageObject","inLanguage":"en-US","@id":"https:\/\/enjoymarbella.net\/es\/#\/schema\/logo\/image\/","url":"https:\/\/enjoymarbella.net\/wp-content\/uploads\/2024\/03\/cropped-ENJOY-MARBELLA-TODO-COLOR-4-copia.png","contentUrl":"https:\/\/enjoymarbella.net\/wp-content\/uploads\/2024\/03\/cropped-ENJOY-MARBELLA-TODO-COLOR-4-copia.png","width":200,"height":90,"caption":"Enjoy Marbella"},"image":{"@id":"https:\/\/enjoymarbella.net\/es\/#\/schema\/logo\/image\/"},"sameAs":["https:\/\/www.instagram.com\/enjoy_marbella\/"]}]}},"_links":{"self":[{"href":"https:\/\/enjoymarbella.net\/en\/wp-json\/wp\/v2\/product\/705","targetHints":{"allow":["GET"]}}],"collection":[{"href":"https:\/\/enjoymarbella.net\/en\/wp-json\/wp\/v2\/product"}],"about":[{"href":"https:\/\/enjoymarbella.net\/en\/wp-json\/wp\/v2\/types\/product"}],"replies":[{"embeddable":true,"href":"https:\/\/enjoymarbella.net\/en\/wp-json\/wp\/v2\/comments?post=705"}],"wp:featuredmedia":[{"embeddable":true,"href":"https:\/\/enjoymarbella.net\/en\/wp-json\/wp\/v2\/media\/768"}],"wp:attachment":[{"href":"https:\/\/enjoymarbella.net\/en\/wp-json\/wp\/v2\/media?parent=705"}],"wp:term":[{"taxonomy":"product_brand","embeddable":true,"href":"https:\/\/enjoymarbella.net\/en\/wp-json\/wp\/v2\/product_brand?post=705"},{"taxonomy":"product_cat","embeddable":true,"href":"https:\/\/enjoymarbella.net\/en\/wp-json\/wp\/v2\/product_cat?post=705"},{"taxonomy":"product_tag","embeddable":true,"href":"https:\/\/enjoymarbella.net\/en\/wp-json\/wp\/v2\/product_tag?post=705"}],"curies":[{"name":"wp","href":"https:\/\/api.w.org\/{rel}","templated":true}]}}