{"id":683,"date":"2024-08-06T12:45:43","date_gmt":"2024-08-06T10:45:43","guid":{"rendered":"https:\/\/enjoymarbella.net\/?post_type=product&#038;p=683"},"modified":"2024-08-06T19:40:57","modified_gmt":"2024-08-06T17:40:57","slug":"excursion-en-jet-ski-en-mar-abierto-fotografia-profesional","status":"publish","type":"product","link":"https:\/\/enjoymarbella.net\/en\/shop\/excursion-en-jet-ski-en-mar-abierto-fotografia-profesional\/","title":{"rendered":"Jet Ski Excursion in Open Sea + Professional Photography (Cabopino, Marbella)"},"content":{"rendered":"<p>The service is provided at <a href=\"https:\/\/www.google.es\/maps\/place\/Cabopino+Jet+Ski\/@36.4861851,-4.743622,16.63z\/data=!4m6!3m5!1s0xd7321d38f5abf3d:0xf80f1fa2919f2887!8m2!3d36.4852482!4d-4.7410613!16s%2Fg%2F11q988rnlv?hl=es&amp;entry=ttu\" target=\"_blank\" rel=\"noopener\">Cabopino Jet Ski<\/a>. Upon arriving at our operations base at Cabopino Marina, we will provide you with instructions on <strong>safety measures and service rules<\/strong>You will also receive the necessary <strong>safety equipment<\/strong> and <strong>a contract that you will need to sign<\/strong>.<\/p>\n<p>Booking the excursion requires a <strong>minimum rental of 2 jet skis<\/strong>.<br \/>\nEach jet ski accommodates a maximum of two passengers.<\/p>\n<p>The reservation time corresponds to the arrival time of the participants at the Cabopino Jet Ski base to begin the procedures described above. The exact start time of the service will depend on various conditions and may vary. <strong>The duration of the jet ski rental refers to the actual time spent on the jet ski.<\/strong><\/p>\n<p>The photo session and drone footage will be conducted from the departure of the marina and throughout your time enjoying the jet ski.<\/p>","protected":false},"excerpt":{"rendered":"<p>Booking the excursion requires a <strong>minimum rental of 2 jet skis<\/strong>. Each jet ski accommodates a maximum of two passengers.<\/p>","protected":false},"featured_media":690,"comment_status":"open","ping_status":"closed","template":"","meta":{"neve_meta_sidebar":"","neve_meta_container":"","neve_meta_enable_content_width":"off","neve_meta_content_width":100,"neve_meta_title_alignment":"","neve_meta_author_avatar":"","neve_post_elements_order":"","neve_meta_disable_header":"","neve_meta_disable_footer":"","neve_meta_disable_title":"","_themeisle_gutenberg_block_has_review":false},"product_brand":[],"product_cat":[44],"product_tag":[],"class_list":{"0":"post-683","1":"product","2":"type-product","3":"status-publish","4":"has-post-thumbnail","6":"product_cat-reservas","8":"first","9":"instock","10":"shipping-taxable","11":"purchasable","12":"product-type-variable","13":"has-default-attributes"},"yoast_head":"<!-- This site is optimized with the Yoast SEO plugin v25.3.1 - https:\/\/yoast.com\/wordpress\/plugins\/seo\/ -->\n<title>Excursi\u00f3n en Jet Ski en mar abierto + Fotograf\u00eda Profesional (Cabopino, Marbella) - Enjoy Marbella<\/title>\n<meta name=\"robots\" content=\"index, follow, max-snippet:-1, max-image-preview:large, max-video-preview:-1\" \/>\n<link rel=\"canonical\" href=\"https:\/\/enjoymarbella.net\/en\/shop\/excursion-en-jet-ski-en-mar-abierto-fotografia-profesional\/\" \/>\n<meta property=\"og:locale\" content=\"en_US\" \/>\n<meta property=\"og:type\" content=\"article\" \/>\n<meta property=\"og:title\" content=\"Excursi\u00f3n en Jet Ski en mar abierto + Fotograf\u00eda Profesional (Cabopino, Marbella) - Enjoy Marbella\" \/>\n<meta property=\"og:description\" content=\"La reserva de la excursi\u00f3n supone contratar un m\u00ednimo de 2 motos de agua. Cada Jet Ski admite un m\u00e1ximo de dos pasajeros.\" \/>\n<meta property=\"og:url\" content=\"https:\/\/enjoymarbella.net\/en\/shop\/excursion-en-jet-ski-en-mar-abierto-fotografia-profesional\/\" \/>\n<meta property=\"og:site_name\" content=\"Enjoy Marbella\" \/>\n<meta property=\"article:modified_time\" content=\"2024-08-06T17:40:57+00:00\" \/>\n<meta property=\"og:image\" content=\"https:\/\/enjoymarbella.net\/wp-content\/uploads\/2024\/08\/20.jpg\" \/>\n\t<meta property=\"og:image:width\" content=\"1500\" \/>\n\t<meta property=\"og:image:height\" content=\"1500\" \/>\n\t<meta property=\"og:image:type\" content=\"image\/jpeg\" \/>\n<meta name=\"twitter:card\" content=\"summary_large_image\" \/>\n<meta name=\"twitter:label1\" content=\"Est. reading time\" \/>\n\t<meta name=\"twitter:data1\" content=\"1 minute\" \/>\n<script type=\"application\/ld+json\" class=\"yoast-schema-graph\">{\"@context\":\"https:\/\/schema.org\",\"@graph\":[{\"@type\":\"WebPage\",\"@id\":\"https:\/\/enjoymarbella.net\/shop\/excursion-en-jet-ski-en-mar-abierto-fotografia-profesional\/\",\"url\":\"https:\/\/enjoymarbella.net\/shop\/excursion-en-jet-ski-en-mar-abierto-fotografia-profesional\/\",\"name\":\"Excursi\u00f3n en Jet Ski en mar abierto + Fotograf\u00eda Profesional (Cabopino, Marbella) - Enjoy Marbella\",\"isPartOf\":{\"@id\":\"https:\/\/enjoymarbella.net\/es\/#website\"},\"primaryImageOfPage\":{\"@id\":\"https:\/\/enjoymarbella.net\/shop\/excursion-en-jet-ski-en-mar-abierto-fotografia-profesional\/#primaryimage\"},\"image\":{\"@id\":\"https:\/\/enjoymarbella.net\/shop\/excursion-en-jet-ski-en-mar-abierto-fotografia-profesional\/#primaryimage\"},\"thumbnailUrl\":\"https:\/\/enjoymarbella.net\/wp-content\/uploads\/2024\/08\/20.jpg\",\"datePublished\":\"2024-08-06T10:45:43+00:00\",\"dateModified\":\"2024-08-06T17:40:57+00:00\",\"breadcrumb\":{\"@id\":\"https:\/\/enjoymarbella.net\/shop\/excursion-en-jet-ski-en-mar-abierto-fotografia-profesional\/#breadcrumb\"},\"inLanguage\":\"en-US\",\"potentialAction\":[{\"@type\":\"ReadAction\",\"target\":[\"https:\/\/enjoymarbella.net\/shop\/excursion-en-jet-ski-en-mar-abierto-fotografia-profesional\/\"]}]},{\"@type\":\"ImageObject\",\"inLanguage\":\"en-US\",\"@id\":\"https:\/\/enjoymarbella.net\/shop\/excursion-en-jet-ski-en-mar-abierto-fotografia-profesional\/#primaryimage\",\"url\":\"https:\/\/enjoymarbella.net\/wp-content\/uploads\/2024\/08\/20.jpg\",\"contentUrl\":\"https:\/\/enjoymarbella.net\/wp-content\/uploads\/2024\/08\/20.jpg\",\"width\":1500,\"height\":1500},{\"@type\":\"BreadcrumbList\",\"@id\":\"https:\/\/enjoymarbella.net\/shop\/excursion-en-jet-ski-en-mar-abierto-fotografia-profesional\/#breadcrumb\",\"itemListElement\":[{\"@type\":\"ListItem\",\"position\":1,\"name\":\"Portada\",\"item\":\"https:\/\/enjoymarbella.net\/\"},{\"@type\":\"ListItem\",\"position\":2,\"name\":\"RESERVAS\",\"item\":\"https:\/\/enjoymarbella.net\/shop\/\"},{\"@type\":\"ListItem\",\"position\":3,\"name\":\"Excursi\u00f3n en Jet Ski en mar abierto + Fotograf\u00eda Profesional (Cabopino, Marbella)\"}]},{\"@type\":\"WebSite\",\"@id\":\"https:\/\/enjoymarbella.net\/es\/#website\",\"url\":\"https:\/\/enjoymarbella.net\/es\/\",\"name\":\"Enjoy Marbella\",\"description\":\"\",\"publisher\":{\"@id\":\"https:\/\/enjoymarbella.net\/es\/#organization\"},\"potentialAction\":[{\"@type\":\"SearchAction\",\"target\":{\"@type\":\"EntryPoint\",\"urlTemplate\":\"https:\/\/enjoymarbella.net\/es\/?s={search_term_string}\"},\"query-input\":{\"@type\":\"PropertyValueSpecification\",\"valueRequired\":true,\"valueName\":\"search_term_string\"}}],\"inLanguage\":\"en-US\"},{\"@type\":\"Organization\",\"@id\":\"https:\/\/enjoymarbella.net\/es\/#organization\",\"name\":\"Enjoy Marbella\",\"url\":\"https:\/\/enjoymarbella.net\/es\/\",\"logo\":{\"@type\":\"ImageObject\",\"inLanguage\":\"en-US\",\"@id\":\"https:\/\/enjoymarbella.net\/es\/#\/schema\/logo\/image\/\",\"url\":\"https:\/\/enjoymarbella.net\/wp-content\/uploads\/2024\/03\/cropped-ENJOY-MARBELLA-TODO-COLOR-4-copia.png\",\"contentUrl\":\"https:\/\/enjoymarbella.net\/wp-content\/uploads\/2024\/03\/cropped-ENJOY-MARBELLA-TODO-COLOR-4-copia.png\",\"width\":200,\"height\":90,\"caption\":\"Enjoy Marbella\"},\"image\":{\"@id\":\"https:\/\/enjoymarbella.net\/es\/#\/schema\/logo\/image\/\"},\"sameAs\":[\"https:\/\/www.instagram.com\/enjoy_marbella\/\"]}]}<\/script>\n<!-- \/ Yoast SEO plugin. -->","yoast_head_json":{"title":"Excursi\u00f3n en Jet Ski en mar abierto + Fotograf\u00eda Profesional (Cabopino, Marbella) - Enjoy Marbella","robots":{"index":"index","follow":"follow","max-snippet":"max-snippet:-1","max-image-preview":"max-image-preview:large","max-video-preview":"max-video-preview:-1"},"canonical":"https:\/\/enjoymarbella.net\/en\/shop\/excursion-en-jet-ski-en-mar-abierto-fotografia-profesional\/","og_locale":"en_US","og_type":"article","og_title":"Excursi\u00f3n en Jet Ski en mar abierto + Fotograf\u00eda Profesional (Cabopino, Marbella) - Enjoy Marbella","og_description":"La reserva de la excursi\u00f3n supone contratar un m\u00ednimo de 2 motos de agua. Cada Jet Ski admite un m\u00e1ximo de dos pasajeros.","og_url":"https:\/\/enjoymarbella.net\/en\/shop\/excursion-en-jet-ski-en-mar-abierto-fotografia-profesional\/","og_site_name":"Enjoy Marbella","article_modified_time":"2024-08-06T17:40:57+00:00","og_image":[{"width":1500,"height":1500,"url":"https:\/\/enjoymarbella.net\/wp-content\/uploads\/2024\/08\/20.jpg","type":"image\/jpeg"}],"twitter_card":"summary_large_image","twitter_misc":{"Est. reading time":"1 minute"},"schema":{"@context":"https:\/\/schema.org","@graph":[{"@type":"WebPage","@id":"https:\/\/enjoymarbella.net\/shop\/excursion-en-jet-ski-en-mar-abierto-fotografia-profesional\/","url":"https:\/\/enjoymarbella.net\/shop\/excursion-en-jet-ski-en-mar-abierto-fotografia-profesional\/","name":"Excursi\u00f3n en Jet Ski en mar abierto + Fotograf\u00eda Profesional (Cabopino, Marbella) - Enjoy Marbella","isPartOf":{"@id":"https:\/\/enjoymarbella.net\/es\/#website"},"primaryImageOfPage":{"@id":"https:\/\/enjoymarbella.net\/shop\/excursion-en-jet-ski-en-mar-abierto-fotografia-profesional\/#primaryimage"},"image":{"@id":"https:\/\/enjoymarbella.net\/shop\/excursion-en-jet-ski-en-mar-abierto-fotografia-profesional\/#primaryimage"},"thumbnailUrl":"https:\/\/enjoymarbella.net\/wp-content\/uploads\/2024\/08\/20.jpg","datePublished":"2024-08-06T10:45:43+00:00","dateModified":"2024-08-06T17:40:57+00:00","breadcrumb":{"@id":"https:\/\/enjoymarbella.net\/shop\/excursion-en-jet-ski-en-mar-abierto-fotografia-profesional\/#breadcrumb"},"inLanguage":"en-US","potentialAction":[{"@type":"ReadAction","target":["https:\/\/enjoymarbella.net\/shop\/excursion-en-jet-ski-en-mar-abierto-fotografia-profesional\/"]}]},{"@type":"ImageObject","inLanguage":"en-US","@id":"https:\/\/enjoymarbella.net\/shop\/excursion-en-jet-ski-en-mar-abierto-fotografia-profesional\/#primaryimage","url":"https:\/\/enjoymarbella.net\/wp-content\/uploads\/2024\/08\/20.jpg","contentUrl":"https:\/\/enjoymarbella.net\/wp-content\/uploads\/2024\/08\/20.jpg","width":1500,"height":1500},{"@type":"BreadcrumbList","@id":"https:\/\/enjoymarbella.net\/shop\/excursion-en-jet-ski-en-mar-abierto-fotografia-profesional\/#breadcrumb","itemListElement":[{"@type":"ListItem","position":1,"name":"Portada","item":"https:\/\/enjoymarbella.net\/"},{"@type":"ListItem","position":2,"name":"RESERVAS","item":"https:\/\/enjoymarbella.net\/shop\/"},{"@type":"ListItem","position":3,"name":"Excursi\u00f3n en Jet Ski en mar abierto + Fotograf\u00eda Profesional (Cabopino, Marbella)"}]},{"@type":"WebSite","@id":"https:\/\/enjoymarbella.net\/es\/#website","url":"https:\/\/enjoymarbella.net\/es\/","name":"Enjoy Marbella","description":"","publisher":{"@id":"https:\/\/enjoymarbella.net\/es\/#organization"},"potentialAction":[{"@type":"SearchAction","target":{"@type":"EntryPoint","urlTemplate":"https:\/\/enjoymarbella.net\/es\/?s={search_term_string}"},"query-input":{"@type":"PropertyValueSpecification","valueRequired":true,"valueName":"search_term_string"}}],"inLanguage":"en-US"},{"@type":"Organization","@id":"https:\/\/enjoymarbella.net\/es\/#organization","name":"Enjoy Marbella","url":"https:\/\/enjoymarbella.net\/es\/","logo":{"@type":"ImageObject","inLanguage":"en-US","@id":"https:\/\/enjoymarbella.net\/es\/#\/schema\/logo\/image\/","url":"https:\/\/enjoymarbella.net\/wp-content\/uploads\/2024\/03\/cropped-ENJOY-MARBELLA-TODO-COLOR-4-copia.png","contentUrl":"https:\/\/enjoymarbella.net\/wp-content\/uploads\/2024\/03\/cropped-ENJOY-MARBELLA-TODO-COLOR-4-copia.png","width":200,"height":90,"caption":"Enjoy Marbella"},"image":{"@id":"https:\/\/enjoymarbella.net\/es\/#\/schema\/logo\/image\/"},"sameAs":["https:\/\/www.instagram.com\/enjoy_marbella\/"]}]}},"_links":{"self":[{"href":"https:\/\/enjoymarbella.net\/en\/wp-json\/wp\/v2\/product\/683","targetHints":{"allow":["GET"]}}],"collection":[{"href":"https:\/\/enjoymarbella.net\/en\/wp-json\/wp\/v2\/product"}],"about":[{"href":"https:\/\/enjoymarbella.net\/en\/wp-json\/wp\/v2\/types\/product"}],"replies":[{"embeddable":true,"href":"https:\/\/enjoymarbella.net\/en\/wp-json\/wp\/v2\/comments?post=683"}],"wp:featuredmedia":[{"embeddable":true,"href":"https:\/\/enjoymarbella.net\/en\/wp-json\/wp\/v2\/media\/690"}],"wp:attachment":[{"href":"https:\/\/enjoymarbella.net\/en\/wp-json\/wp\/v2\/media?parent=683"}],"wp:term":[{"taxonomy":"product_brand","embeddable":true,"href":"https:\/\/enjoymarbella.net\/en\/wp-json\/wp\/v2\/product_brand?post=683"},{"taxonomy":"product_cat","embeddable":true,"href":"https:\/\/enjoymarbella.net\/en\/wp-json\/wp\/v2\/product_cat?post=683"},{"taxonomy":"product_tag","embeddable":true,"href":"https:\/\/enjoymarbella.net\/en\/wp-json\/wp\/v2\/product_tag?post=683"}],"curies":[{"name":"wp","href":"https:\/\/api.w.org\/{rel}","templated":true}]}}