{"id":656,"date":"2024-08-06T10:48:32","date_gmt":"2024-08-06T08:48:32","guid":{"rendered":"https:\/\/enjoymarbella.net\/?page_id=656"},"modified":"2024-08-14T08:29:16","modified_gmt":"2024-08-14T06:29:16","slug":"location","status":"publish","type":"page","link":"https:\/\/enjoymarbella.net\/en\/location\/","title":{"rendered":"Location"},"content":{"rendered":"<div class=\"wp-block-columns is-layout-flex wp-container-core-columns-is-layout-9d6595d7 wp-block-columns-is-layout-flex\">\n<div class=\"wp-block-column is-layout-flow wp-block-column-is-layout-flow\"><\/div>\n\n\n\n<div class=\"wp-block-column is-layout-flow wp-block-column-is-layout-flow\"><\/div>\n<\/div>\n\n\n\n<div style=\"height:45px\" aria-hidden=\"true\" class=\"wp-block-spacer\"><\/div>\n\n\n\n<div class=\"wp-block-columns is-layout-flex wp-container-core-columns-is-layout-9d6595d7 wp-block-columns-is-layout-flex\">\n<div class=\"wp-block-column is-layout-flow wp-block-column-is-layout-flow\">\n<p class=\"has-text-align-center\">Our base of operations is located at <\/p>\n\n\n\n<h4 class=\"wp-block-heading has-text-align-center\">Cabopino Marina, Marbella. <\/h4>\n\n\n\n<p class=\"has-text-align-center\">We work daily with <strong>Cabopino Jet Ski<\/strong> there.<\/p>\n\n\n\n<h5 class=\"wp-block-heading has-text-align-center\"><a href=\"https:\/\/www.google.es\/maps\/place\/Cabopino+Jet+Ski\/@36.4861851,-4.743622,16.63z\/data=!4m6!3m5!1s0xd7321d38f5abf3d:0xf80f1fa2919f2887!8m2!3d36.4852482!4d-4.7410613!16s%2Fg%2F11q988rnlv?hl=es&amp;entry=ttu\" target=\"_blank\" rel=\"noreferrer noopener\">Find us on Google Maps.<\/a><\/h5>\n\n\n\n<p class=\"has-text-align-center\">We also offer services at other coastal locations. <br>Feel free to contact us or book a professional photography and drone video session. You won\u2019t regret it!<\/p>\n\n\n\n<div class=\"wp-block-buttons is-content-justification-center is-layout-flex wp-container-core-buttons-is-layout-16018d1d wp-block-buttons-is-layout-flex\">\n<div class=\"wp-block-button\"><a class=\"wp-block-button__link wp-element-button\" href=\"https:\/\/enjoymarbella.net\/en\/contact\/\">GET IN TOUCH<\/a><\/div>\n\n\n\n<div class=\"wp-block-button is-style-secondary\"><a class=\"wp-block-button__link wp-element-button\" href=\"https:\/\/enjoymarbella.net\/en\/shop\/\">BOOKINGS<\/a><\/div>\n<\/div>\n<\/div>\n\n\n\n<div class=\"wp-block-column is-layout-flow wp-block-column-is-layout-flow\"><div style=\"height:400pxpx;\" class=\"wp-block-themeisle-blocks-leaflet-map\" id=\"wp-block-themeisle-blocks-leaflet-map-51d3e2b5\"><\/div>\n<script type=\"text\/javascript\">\n\t\/* <![CDATA[ *\/\n\t\tif ( ! window.themeisleLeafletMaps ) window.themeisleLeafletMaps =[];\n\t\twindow.themeisleLeafletMaps.push( { container: \"wp-block-themeisle-blocks-leaflet-map-51d3e2b5\", attributes: {\"id\":\"wp-block-themeisle-blocks-leaflet-map-51d3e2b5\",\"latitude\":\"36.4856249584318\",\"longitude\":\"-4.740761518478394\",\"bbox\":\"-4.74686622619629,36.48217446186271,-4.734656810760499,36.48907530132626\",\"zoom\":16,\"markers\":[{\"id\":\"73e843df-3d17-476a-8aa6-06d4fafbf220\",\"latitude\":36.48507288930754,\"longitude\":-4.741051197052003,\"title\":\"Enjoy Marbella\",\"description\":\"<p><a href=\\\"https:\\\/\\\/www.google.com\\\/maps\\\/dir\\\/\\\/Enjoy+Marbella,+Puerto+de+Cabopino,+1185,+29604+Marbella,+M%C3%A1laga\\\/data=!4m6!4m5!1m1!4e2!1m2!1m1!1s0xdff056c56c53c87:0x6ec7667e327116d2?sa=X&amp;ved=1t:57443&amp;ictx=111\\\" target=\\\"_blank\\\" rel=\\\"noopener\\\"><img class=\\\"alignnone size-full wp-image-149 aligncenter\\\" src=\\\"https:\\\/\\\/enjoymarbella.net\\\/wp-content\\\/uploads\\\/2024\\\/03\\\/cropped-ENJOY-MARBELLA-TODO-COLOR-4-copia.png\\\" alt=\\\"ENJOY-MARBELLA-TODO-COLOR\\\" width=\\\"200\\\" height=\\\"90\\\" \\\/><\\\/a><\\\/p>\\n<p>\\u00a0<\\\/p>\\n<p style=\\\"text-align: center;\\\"><a href=\\\"https:\\\/\\\/www.google.com\\\/maps\\\/dir\\\/\\\/Enjoy+Marbella,+Puerto+de+Cabopino,+1185,+29604+Marbella,+M%C3%A1laga\\\/data=!4m6!4m5!1m1!4e2!1m2!1m1!1s0xdff056c56c53c87:0x6ec7667e327116d2?sa=X&amp;ved=1t:57443&amp;ictx=111\\\" target=\\\"_blank\\\" rel=\\\"noopener\\\">C\\u00f3mo llegar<\\\/a><\\\/p>\"}],\"location\":\"La Sagrada Familia, Barcelona, Spain\",\"height\":\"400px\",\"zoomControl\":true,\"draggable\":true,\"hasCustomCSS\":false,\"customCSS\":\"\",\"TrpContentRestriction\":{\"restriction_type\":\"exclude\",\"selected_languages\":[],\"panel_open\":true},\"otterConditions\":[]} } );\n\t\/* ]]> *\/\n<\/script>\n<\/div>\n<\/div>\n\n\n\n<div style=\"height:100px\" aria-hidden=\"true\" class=\"wp-block-spacer\"><\/div>","protected":false},"excerpt":{"rendered":"<p>Nuestra base de operaciones se encuentra en el puerto de Cabopino, Marbella. All\u00ed trabajamos junto con Cabopino Jet Ski a diario. Encu\u00e9ntranos en Google Maps Tambi\u00e9n ofrecemos servicios en otros puntos de la costa. No dudes en ponerte en contacto con nosotros o reservar una sesi\u00f3n de fotograf\u00eda profesional y video drone. \u00a1No te arrepentir\u00e1s!<\/p>","protected":false},"author":1,"featured_media":0,"parent":0,"menu_order":0,"comment_status":"closed","ping_status":"closed","template":"","meta":{"neve_meta_sidebar":"","neve_meta_container":"","neve_meta_enable_content_width":"","neve_meta_content_width":0,"neve_meta_title_alignment":"","neve_meta_author_avatar":"","neve_post_elements_order":"","neve_meta_disable_header":"","neve_meta_disable_footer":"","neve_meta_disable_title":"","_themeisle_gutenberg_block_has_review":false,"footnotes":""},"class_list":["post-656","page","type-page","status-publish","hentry"],"yoast_head":"<!-- This site is optimized with the Yoast SEO plugin v25.3.1 - https:\/\/yoast.com\/wordpress\/plugins\/seo\/ -->\n<title>Location - Enjoy Marbella<\/title>\n<meta name=\"robots\" content=\"index, follow, max-snippet:-1, max-image-preview:large, max-video-preview:-1\" \/>\n<link rel=\"canonical\" href=\"https:\/\/enjoymarbella.net\/en\/location\/\" \/>\n<meta property=\"og:locale\" content=\"en_US\" \/>\n<meta property=\"og:type\" content=\"article\" \/>\n<meta property=\"og:title\" content=\"Location - Enjoy Marbella\" \/>\n<meta property=\"og:description\" content=\"Nuestra base de operaciones se encuentra en el puerto de Cabopino, Marbella. All\u00ed trabajamos junto con Cabopino Jet Ski a diario. Encu\u00e9ntranos en Google Maps Tambi\u00e9n ofrecemos servicios en otros puntos de la costa. No dudes en ponerte en contacto con nosotros o reservar una sesi\u00f3n de fotograf\u00eda profesional y video drone. \u00a1No te arrepentir\u00e1s!\" \/>\n<meta property=\"og:url\" content=\"https:\/\/enjoymarbella.net\/en\/location\/\" \/>\n<meta property=\"og:site_name\" content=\"Enjoy Marbella\" \/>\n<meta property=\"article:modified_time\" content=\"2024-08-14T06:29:16+00:00\" \/>\n<meta name=\"twitter:card\" content=\"summary_large_image\" \/>\n<script type=\"application\/ld+json\" class=\"yoast-schema-graph\">{\"@context\":\"https:\/\/schema.org\",\"@graph\":[{\"@type\":\"WebPage\",\"@id\":\"https:\/\/enjoymarbella.net\/es\/location\/\",\"url\":\"https:\/\/enjoymarbella.net\/es\/location\/\",\"name\":\"Location - Enjoy Marbella\",\"isPartOf\":{\"@id\":\"https:\/\/enjoymarbella.net\/es\/#website\"},\"datePublished\":\"2024-08-06T08:48:32+00:00\",\"dateModified\":\"2024-08-14T06:29:16+00:00\",\"breadcrumb\":{\"@id\":\"https:\/\/enjoymarbella.net\/es\/location\/#breadcrumb\"},\"inLanguage\":\"en-US\",\"potentialAction\":[{\"@type\":\"ReadAction\",\"target\":[\"https:\/\/enjoymarbella.net\/es\/location\/\"]}]},{\"@type\":\"BreadcrumbList\",\"@id\":\"https:\/\/enjoymarbella.net\/es\/location\/#breadcrumb\",\"itemListElement\":[{\"@type\":\"ListItem\",\"position\":1,\"name\":\"Portada\",\"item\":\"https:\/\/enjoymarbella.net\/\"},{\"@type\":\"ListItem\",\"position\":2,\"name\":\"Location\"}]},{\"@type\":\"WebSite\",\"@id\":\"https:\/\/enjoymarbella.net\/es\/#website\",\"url\":\"https:\/\/enjoymarbella.net\/es\/\",\"name\":\"Enjoy Marbella\",\"description\":\"\",\"publisher\":{\"@id\":\"https:\/\/enjoymarbella.net\/es\/#organization\"},\"potentialAction\":[{\"@type\":\"SearchAction\",\"target\":{\"@type\":\"EntryPoint\",\"urlTemplate\":\"https:\/\/enjoymarbella.net\/es\/?s={search_term_string}\"},\"query-input\":{\"@type\":\"PropertyValueSpecification\",\"valueRequired\":true,\"valueName\":\"search_term_string\"}}],\"inLanguage\":\"en-US\"},{\"@type\":\"Organization\",\"@id\":\"https:\/\/enjoymarbella.net\/es\/#organization\",\"name\":\"Enjoy Marbella\",\"url\":\"https:\/\/enjoymarbella.net\/es\/\",\"logo\":{\"@type\":\"ImageObject\",\"inLanguage\":\"en-US\",\"@id\":\"https:\/\/enjoymarbella.net\/es\/#\/schema\/logo\/image\/\",\"url\":\"https:\/\/enjoymarbella.net\/wp-content\/uploads\/2024\/03\/cropped-ENJOY-MARBELLA-TODO-COLOR-4-copia.png\",\"contentUrl\":\"https:\/\/enjoymarbella.net\/wp-content\/uploads\/2024\/03\/cropped-ENJOY-MARBELLA-TODO-COLOR-4-copia.png\",\"width\":200,\"height\":90,\"caption\":\"Enjoy Marbella\"},\"image\":{\"@id\":\"https:\/\/enjoymarbella.net\/es\/#\/schema\/logo\/image\/\"},\"sameAs\":[\"https:\/\/www.instagram.com\/enjoy_marbella\/\"]}]}<\/script>\n<!-- \/ Yoast SEO plugin. -->","yoast_head_json":{"title":"Location - Enjoy Marbella","robots":{"index":"index","follow":"follow","max-snippet":"max-snippet:-1","max-image-preview":"max-image-preview:large","max-video-preview":"max-video-preview:-1"},"canonical":"https:\/\/enjoymarbella.net\/en\/location\/","og_locale":"en_US","og_type":"article","og_title":"Location - Enjoy Marbella","og_description":"Nuestra base de operaciones se encuentra en el puerto de Cabopino, Marbella. All\u00ed trabajamos junto con Cabopino Jet Ski a diario. Encu\u00e9ntranos en Google Maps Tambi\u00e9n ofrecemos servicios en otros puntos de la costa. No dudes en ponerte en contacto con nosotros o reservar una sesi\u00f3n de fotograf\u00eda profesional y video drone. \u00a1No te arrepentir\u00e1s!","og_url":"https:\/\/enjoymarbella.net\/en\/location\/","og_site_name":"Enjoy Marbella","article_modified_time":"2024-08-14T06:29:16+00:00","twitter_card":"summary_large_image","schema":{"@context":"https:\/\/schema.org","@graph":[{"@type":"WebPage","@id":"https:\/\/enjoymarbella.net\/es\/location\/","url":"https:\/\/enjoymarbella.net\/es\/location\/","name":"Location - Enjoy Marbella","isPartOf":{"@id":"https:\/\/enjoymarbella.net\/es\/#website"},"datePublished":"2024-08-06T08:48:32+00:00","dateModified":"2024-08-14T06:29:16+00:00","breadcrumb":{"@id":"https:\/\/enjoymarbella.net\/es\/location\/#breadcrumb"},"inLanguage":"en-US","potentialAction":[{"@type":"ReadAction","target":["https:\/\/enjoymarbella.net\/es\/location\/"]}]},{"@type":"BreadcrumbList","@id":"https:\/\/enjoymarbella.net\/es\/location\/#breadcrumb","itemListElement":[{"@type":"ListItem","position":1,"name":"Portada","item":"https:\/\/enjoymarbella.net\/"},{"@type":"ListItem","position":2,"name":"Location"}]},{"@type":"WebSite","@id":"https:\/\/enjoymarbella.net\/es\/#website","url":"https:\/\/enjoymarbella.net\/es\/","name":"Enjoy Marbella","description":"","publisher":{"@id":"https:\/\/enjoymarbella.net\/es\/#organization"},"potentialAction":[{"@type":"SearchAction","target":{"@type":"EntryPoint","urlTemplate":"https:\/\/enjoymarbella.net\/es\/?s={search_term_string}"},"query-input":{"@type":"PropertyValueSpecification","valueRequired":true,"valueName":"search_term_string"}}],"inLanguage":"en-US"},{"@type":"Organization","@id":"https:\/\/enjoymarbella.net\/es\/#organization","name":"Enjoy Marbella","url":"https:\/\/enjoymarbella.net\/es\/","logo":{"@type":"ImageObject","inLanguage":"en-US","@id":"https:\/\/enjoymarbella.net\/es\/#\/schema\/logo\/image\/","url":"https:\/\/enjoymarbella.net\/wp-content\/uploads\/2024\/03\/cropped-ENJOY-MARBELLA-TODO-COLOR-4-copia.png","contentUrl":"https:\/\/enjoymarbella.net\/wp-content\/uploads\/2024\/03\/cropped-ENJOY-MARBELLA-TODO-COLOR-4-copia.png","width":200,"height":90,"caption":"Enjoy Marbella"},"image":{"@id":"https:\/\/enjoymarbella.net\/es\/#\/schema\/logo\/image\/"},"sameAs":["https:\/\/www.instagram.com\/enjoy_marbella\/"]}]}},"_links":{"self":[{"href":"https:\/\/enjoymarbella.net\/en\/wp-json\/wp\/v2\/pages\/656","targetHints":{"allow":["GET"]}}],"collection":[{"href":"https:\/\/enjoymarbella.net\/en\/wp-json\/wp\/v2\/pages"}],"about":[{"href":"https:\/\/enjoymarbella.net\/en\/wp-json\/wp\/v2\/types\/page"}],"author":[{"embeddable":true,"href":"https:\/\/enjoymarbella.net\/en\/wp-json\/wp\/v2\/users\/1"}],"replies":[{"embeddable":true,"href":"https:\/\/enjoymarbella.net\/en\/wp-json\/wp\/v2\/comments?post=656"}],"version-history":[{"count":14,"href":"https:\/\/enjoymarbella.net\/en\/wp-json\/wp\/v2\/pages\/656\/revisions"}],"predecessor-version":[{"id":757,"href":"https:\/\/enjoymarbella.net\/en\/wp-json\/wp\/v2\/pages\/656\/revisions\/757"}],"wp:attachment":[{"href":"https:\/\/enjoymarbella.net\/en\/wp-json\/wp\/v2\/media?parent=656"}],"curies":[{"name":"wp","href":"https:\/\/api.w.org\/{rel}","templated":true}]}}