{"id":231,"date":"2024-03-25T06:59:29","date_gmt":"2024-03-25T05:59:29","guid":{"rendered":"https:\/\/enjoymarbella.net\/?page_id=231"},"modified":"2024-08-06T11:40:20","modified_gmt":"2024-08-06T09:40:20","slug":"individuals","status":"publish","type":"page","link":"https:\/\/enjoymarbella.net\/en\/individuals\/","title":{"rendered":"Sesiones de Fotograf\u00eda y Video Dron"},"content":{"rendered":"<div style=\"height:41px\" aria-hidden=\"true\" class=\"wp-block-spacer\"><\/div>\n\n\n\n<h2 class=\"wp-block-heading\">Explore the Thrill of the Sea<\/h2>\n\n\n\n<div class=\"wp-block-columns is-layout-flex wp-container-core-columns-is-layout-9d6595d7 wp-block-columns-is-layout-flex\">\n<div class=\"wp-block-column is-layout-flow wp-block-column-is-layout-flow\">\n<p>At <strong>EnjoyMarbella<\/strong>, we invite you to dive into the excitement of water sports and the beauty of the Mediterranean Sea through our specially designed drone photography and video sessions. From the adrenaline of riding a jetski to the serenity of a boat or yacht ride, we capture every memorable moment so you can relive it time and time again.<\/p>\n\n\n\n<p>Embark on an unforgettable adventure with <strong>EnjoyMarbella<\/strong> and discover the magic of the sea through our drone photography and video services. Contact us today to start your next aquatic adventure!<\/p>\n\n\n\n<div class=\"wp-block-buttons is-layout-flex wp-block-buttons-is-layout-flex\">\n<div class=\"wp-block-button is-style-primary\"><a class=\"wp-block-button__link wp-element-button\" href=\"https:\/\/enjoymarbella.net\/en\/index.php\/contacto-esp\/\">GET IN TOUCH<\/a><\/div>\n<\/div>\n<\/div>\n<\/div>\n\n\n\n<div style=\"height:41px\" aria-hidden=\"true\" class=\"wp-block-spacer\"><\/div>\n\n\n\n<div class=\"wp-block-columns is-layout-flex wp-container-core-columns-is-layout-9d6595d7 wp-block-columns-is-layout-flex\">\n<div class=\"wp-block-column is-layout-flow wp-block-column-is-layout-flow\" style=\"flex-basis:33.33%\">\n<div id=\"wp-block-themeisle-blocks-slider-e2970001\" class=\"wp-block-themeisle-blocks-slider glide\" data-per-view=\"1\" data-gap=\"0\" data-peek=\"0\" data-autoplay=\"true\" data-height=\"250px\" data-hide-arrows=\"true\"><div class=\"glide__track\" data-glide-el=\"track\"><div class=\"glide__slides\"><div class=\"wp-block-themeisle-blocks-slider-item-wrapper glide__slide\" tabindex=\"0\"><figure><img decoding=\"async\" class=\"wp-block-themeisle-blocks-slider-item\" src=\"https:\/\/enjoymarbella.net\/wp-content\/uploads\/2024\/03\/Foto-24-8-23-13-05-51-scaled.jpg\" alt=\"\" title=\"\" data-id=\"156\"\/><\/figure><\/div><div class=\"wp-block-themeisle-blocks-slider-item-wrapper glide__slide\" tabindex=\"0\"><figure><img decoding=\"async\" class=\"wp-block-themeisle-blocks-slider-item\" src=\"https:\/\/enjoymarbella.net\/wp-content\/uploads\/2024\/03\/Foto-2-8-23-14-12-16-scaled.jpg\" alt=\"\" title=\"\" data-id=\"166\"\/><\/figure><\/div><div class=\"wp-block-themeisle-blocks-slider-item-wrapper glide__slide\" tabindex=\"0\"><figure><img decoding=\"async\" class=\"wp-block-themeisle-blocks-slider-item\" src=\"https:\/\/enjoymarbella.net\/wp-content\/uploads\/2024\/03\/Foto-2-8-23-12-42-30-scaled.jpg\" alt=\"\" title=\"\" data-id=\"165\"\/><\/figure><\/div><div class=\"wp-block-themeisle-blocks-slider-item-wrapper glide__slide\" tabindex=\"0\"><figure><img decoding=\"async\" class=\"wp-block-themeisle-blocks-slider-item\" src=\"https:\/\/enjoymarbella.net\/wp-content\/uploads\/2024\/03\/Foto-4-8-23-19-01-21-scaled.jpg\" alt=\"\" title=\"\" data-id=\"159\"\/><\/figure><\/div><\/div><div class=\"glide__bullets\" data-glide-el=\"controls[nav]\"><button class=\"glide__bullet\" data-glide-dir=\"=0\"><\/button><button class=\"glide__bullet\" data-glide-dir=\"=1\"><\/button><button class=\"glide__bullet\" data-glide-dir=\"=2\"><\/button><button class=\"glide__bullet\" data-glide-dir=\"=3\"><\/button><\/div><\/div><\/div>\n<\/div>\n\n\n\n<div class=\"wp-block-column is-layout-flow wp-block-column-is-layout-flow\" style=\"flex-basis:66.66%\">\n<div style=\"height:10px\" aria-hidden=\"true\" class=\"wp-block-spacer\"><\/div>\n\n\n\n<div class=\"wp-block-group is-nowrap is-layout-flex wp-container-core-group-is-layout-ad2f72ca wp-block-group-is-layout-flex\">\n<figure class=\"wp-block-image size-full is-resized\"><img loading=\"lazy\" decoding=\"async\" width=\"306\" height=\"310\" src=\"https:\/\/enjoymarbella.net\/wp-content\/uploads\/2024\/03\/icono-foto.png\" alt=\"\" class=\"wp-image-304\" style=\"width:54px;height:auto\" srcset=\"https:\/\/enjoymarbella.net\/wp-content\/uploads\/2024\/03\/icono-foto.png 306w, https:\/\/enjoymarbella.net\/wp-content\/uploads\/2024\/03\/icono-foto-296x300.png 296w, https:\/\/enjoymarbella.net\/wp-content\/uploads\/2024\/03\/icono-foto-100x100.png 100w\" sizes=\"auto, (max-width: 306px) 100vw, 306px\" \/><\/figure>\n\n\n\n<h4 class=\"wp-block-heading\"><strong>Water Sports Photography Sessions<\/strong><\/h4>\n<\/div>\n\n\n\n<p>From jetski races to thrilling water tows, we capture the action at its peak, providing you with dynamic and energetic images that capture the excitement of the moment.<\/p>\n\n\n\n<div class=\"wp-block-buttons is-layout-flex wp-block-buttons-is-layout-flex\">\n<div class=\"wp-block-button is-style-secondary\"><a class=\"wp-block-button__link wp-element-button\">BOOK NOW<\/a><\/div>\n<\/div>\n\n\n\n<div style=\"height:10px\" aria-hidden=\"true\" class=\"wp-block-spacer\"><\/div>\n<\/div>\n<\/div>\n\n\n\n<div class=\"wp-block-columns is-layout-flex wp-container-core-columns-is-layout-9d6595d7 wp-block-columns-is-layout-flex\" style=\"border-style:none;border-width:0px\">\n<div class=\"wp-block-column is-layout-flow wp-block-column-is-layout-flow\" style=\"flex-basis:66.66%\">\n<div style=\"height:10px\" aria-hidden=\"true\" class=\"wp-block-spacer\"><\/div>\n\n\n\n<div class=\"wp-block-group is-content-justification-right is-nowrap is-layout-flex wp-container-core-group-is-layout-fd526d70 wp-block-group-is-layout-flex\">\n<h4 class=\"wp-block-heading\"><strong><strong><strong>Video Dron<\/strong><\/strong><\/strong><\/h4>\n\n\n\n<figure class=\"wp-block-image size-full is-resized\"><img loading=\"lazy\" decoding=\"async\" width=\"306\" height=\"310\" src=\"https:\/\/enjoymarbella.net\/wp-content\/uploads\/2024\/03\/icono-dron.png\" alt=\"\" class=\"wp-image-308\" style=\"width:54px;height:auto\" srcset=\"https:\/\/enjoymarbella.net\/wp-content\/uploads\/2024\/03\/icono-dron.png 306w, https:\/\/enjoymarbella.net\/wp-content\/uploads\/2024\/03\/icono-dron-296x300.png 296w, https:\/\/enjoymarbella.net\/wp-content\/uploads\/2024\/03\/icono-dron-100x100.png 100w\" sizes=\"auto, (max-width: 306px) 100vw, 306px\" \/><\/figure>\n<\/div>\n\n\n\n<p class=\"has-text-align-right\">Elevate your aquatic experience with our stunning aerial drone footage. From panoramic views of the sea to close-ups of the action, we offer a unique perspective that will take your breath away.<\/p>\n\n\n\n<div class=\"wp-block-buttons is-content-justification-right is-layout-flex wp-container-core-buttons-is-layout-765c4724 wp-block-buttons-is-layout-flex\">\n<div class=\"wp-block-button is-style-secondary\"><a class=\"wp-block-button__link wp-element-button\">BOOK NOW<\/a><\/div>\n<\/div>\n\n\n\n<div style=\"height:10px\" aria-hidden=\"true\" class=\"wp-block-spacer\"><\/div>\n<\/div>\n\n\n\n<div class=\"wp-block-column is-layout-flow wp-block-column-is-layout-flow\" style=\"flex-basis:33.33%\">\n<div style=\"height:20px\" aria-hidden=\"true\" class=\"wp-block-spacer\"><\/div>\n\n\n\n<figure class=\"wp-block-video\"><video autoplay loop src=\"https:\/\/enjoymarbella.net\/wp-content\/uploads\/2024\/03\/Video-sin-titulo-\u2010-Hecho-con-Clipchamp-5.mp4\"><\/video><\/figure>\n<\/div>\n<\/div>\n\n\n\n<div class=\"wp-block-columns is-layout-flex wp-container-core-columns-is-layout-649ae464 wp-block-columns-is-layout-flex\" style=\"border-width:3px;padding-top:var(--wp--preset--spacing--20);padding-right:var(--wp--preset--spacing--40);padding-bottom:var(--wp--preset--spacing--20);padding-left:var(--wp--preset--spacing--40)\">\n<div class=\"wp-block-column is-layout-flow wp-block-column-is-layout-flow\" style=\"padding-top:var(--wp--preset--spacing--20);padding-right:var(--wp--preset--spacing--20);padding-bottom:var(--wp--preset--spacing--20);padding-left:var(--wp--preset--spacing--20);flex-basis:100%\">\n<h4 class=\"wp-block-heading\"><strong><strong><strong>Custom On-Demand Sessions<\/strong><\/strong><\/strong><\/h4>\n\n\n\n<p>Have a specific idea in mind? We make it a reality. Whether it\u2019s a romantic sunset session on a private yacht or a personalized aquatic adventure, we\u2019re here to turn your dreams into reality.<\/p>\n\n\n\n<div class=\"wp-block-buttons is-layout-flex wp-block-buttons-is-layout-flex\">\n<div class=\"wp-block-button is-style-primary\"><a class=\"wp-block-button__link wp-element-button\" href=\"https:\/\/enjoymarbella.net\/en\/index.php\/contacto-esp\/\">GET IN TOUCH!<\/a><\/div>\n<\/div>\n<\/div>\n<\/div>\n\n\n\n<div class=\"wp-block-columns is-layout-flex wp-container-core-columns-is-layout-9d6595d7 wp-block-columns-is-layout-flex\"><\/div>","protected":false},"excerpt":{"rendered":"<p>Explora la Emoci\u00f3n del Mar En EnjoyMarbella, te invitamos a sumergirte en la emoci\u00f3n de los deportes acu\u00e1ticos y la belleza del mar Mediterr\u00e1neo a trav\u00e9s de nuestras sesiones de fotograf\u00eda y video dron especialmente dise\u00f1adas para ti. Desde la adrenalina de montar un jetski hasta la serenidad de un paseo en barco o yate,&hellip;&nbsp;<a href=\"https:\/\/enjoymarbella.net\/en\/individuals\/\" rel=\"bookmark\">Read More &raquo;<span class=\"screen-reader-text\">Sesiones de Fotograf\u00eda y Video Dron<\/span><\/a><\/p>","protected":false},"author":1,"featured_media":0,"parent":0,"menu_order":0,"comment_status":"closed","ping_status":"closed","template":"","meta":{"neve_meta_sidebar":"","neve_meta_container":"","neve_meta_enable_content_width":"","neve_meta_content_width":0,"neve_meta_title_alignment":"","neve_meta_author_avatar":"","neve_post_elements_order":"","neve_meta_disable_header":"","neve_meta_disable_footer":"","neve_meta_disable_title":"","_themeisle_gutenberg_block_has_review":false,"footnotes":""},"class_list":["post-231","page","type-page","status-publish","hentry"],"yoast_head":"<!-- This site is optimized with the Yoast SEO plugin v25.3.1 - https:\/\/yoast.com\/wordpress\/plugins\/seo\/ -->\n<title>Sesiones de Fotograf\u00eda y Video Dron - Enjoy Marbella<\/title>\n<meta name=\"robots\" content=\"index, follow, max-snippet:-1, max-image-preview:large, max-video-preview:-1\" \/>\n<link rel=\"canonical\" href=\"https:\/\/enjoymarbella.net\/en\/individuals\/\" \/>\n<meta property=\"og:locale\" content=\"en_US\" \/>\n<meta property=\"og:type\" content=\"article\" \/>\n<meta property=\"og:title\" content=\"Sesiones de Fotograf\u00eda y Video Dron - Enjoy Marbella\" \/>\n<meta property=\"og:description\" content=\"Explora la Emoci\u00f3n del Mar En EnjoyMarbella, te invitamos a sumergirte en la emoci\u00f3n de los deportes acu\u00e1ticos y la belleza del mar Mediterr\u00e1neo a trav\u00e9s de nuestras sesiones de fotograf\u00eda y video dron especialmente dise\u00f1adas para ti. Desde la adrenalina de montar un jetski hasta la serenidad de un paseo en barco o yate,&hellip;&nbsp;Read More &raquo;Sesiones de Fotograf\u00eda y Video Dron\" \/>\n<meta property=\"og:url\" content=\"https:\/\/enjoymarbella.net\/en\/individuals\/\" \/>\n<meta property=\"og:site_name\" content=\"Enjoy Marbella\" \/>\n<meta property=\"article:modified_time\" content=\"2024-08-06T09:40:20+00:00\" \/>\n<meta property=\"og:image\" content=\"https:\/\/enjoymarbella.net\/wp-content\/uploads\/2024\/03\/Foto-24-8-23-13-05-51-scaled.jpg\" \/>\n<meta name=\"twitter:card\" content=\"summary_large_image\" \/>\n<meta name=\"twitter:label1\" content=\"Est. reading time\" \/>\n\t<meta name=\"twitter:data1\" content=\"1 minute\" \/>\n<script type=\"application\/ld+json\" class=\"yoast-schema-graph\">{\"@context\":\"https:\/\/schema.org\",\"@graph\":[{\"@type\":\"WebPage\",\"@id\":\"https:\/\/enjoymarbella.net\/individuals\/\",\"url\":\"https:\/\/enjoymarbella.net\/individuals\/\",\"name\":\"Sesiones de Fotograf\u00eda y Video Dron - Enjoy Marbella\",\"isPartOf\":{\"@id\":\"https:\/\/enjoymarbella.net\/es\/#website\"},\"primaryImageOfPage\":{\"@id\":\"https:\/\/enjoymarbella.net\/individuals\/#primaryimage\"},\"image\":{\"@id\":\"https:\/\/enjoymarbella.net\/individuals\/#primaryimage\"},\"thumbnailUrl\":\"https:\/\/enjoymarbella.net\/wp-content\/uploads\/2024\/03\/Foto-24-8-23-13-05-51-scaled.jpg\",\"datePublished\":\"2024-03-25T05:59:29+00:00\",\"dateModified\":\"2024-08-06T09:40:20+00:00\",\"breadcrumb\":{\"@id\":\"https:\/\/enjoymarbella.net\/individuals\/#breadcrumb\"},\"inLanguage\":\"en-US\",\"potentialAction\":[{\"@type\":\"ReadAction\",\"target\":[\"https:\/\/enjoymarbella.net\/individuals\/\"]}]},{\"@type\":\"ImageObject\",\"inLanguage\":\"en-US\",\"@id\":\"https:\/\/enjoymarbella.net\/individuals\/#primaryimage\",\"url\":\"https:\/\/enjoymarbella.net\/wp-content\/uploads\/2024\/03\/Foto-24-8-23-13-05-51-scaled.jpg\",\"contentUrl\":\"https:\/\/enjoymarbella.net\/wp-content\/uploads\/2024\/03\/Foto-24-8-23-13-05-51-scaled.jpg\"},{\"@type\":\"BreadcrumbList\",\"@id\":\"https:\/\/enjoymarbella.net\/individuals\/#breadcrumb\",\"itemListElement\":[{\"@type\":\"ListItem\",\"position\":1,\"name\":\"Portada\",\"item\":\"https:\/\/enjoymarbella.net\/\"},{\"@type\":\"ListItem\",\"position\":2,\"name\":\"Sesiones de Fotograf\u00eda y Video Dron\"}]},{\"@type\":\"WebSite\",\"@id\":\"https:\/\/enjoymarbella.net\/es\/#website\",\"url\":\"https:\/\/enjoymarbella.net\/es\/\",\"name\":\"Enjoy Marbella\",\"description\":\"\",\"publisher\":{\"@id\":\"https:\/\/enjoymarbella.net\/es\/#organization\"},\"potentialAction\":[{\"@type\":\"SearchAction\",\"target\":{\"@type\":\"EntryPoint\",\"urlTemplate\":\"https:\/\/enjoymarbella.net\/es\/?s={search_term_string}\"},\"query-input\":{\"@type\":\"PropertyValueSpecification\",\"valueRequired\":true,\"valueName\":\"search_term_string\"}}],\"inLanguage\":\"en-US\"},{\"@type\":\"Organization\",\"@id\":\"https:\/\/enjoymarbella.net\/es\/#organization\",\"name\":\"Enjoy Marbella\",\"url\":\"https:\/\/enjoymarbella.net\/es\/\",\"logo\":{\"@type\":\"ImageObject\",\"inLanguage\":\"en-US\",\"@id\":\"https:\/\/enjoymarbella.net\/es\/#\/schema\/logo\/image\/\",\"url\":\"https:\/\/enjoymarbella.net\/wp-content\/uploads\/2024\/03\/cropped-ENJOY-MARBELLA-TODO-COLOR-4-copia.png\",\"contentUrl\":\"https:\/\/enjoymarbella.net\/wp-content\/uploads\/2024\/03\/cropped-ENJOY-MARBELLA-TODO-COLOR-4-copia.png\",\"width\":200,\"height\":90,\"caption\":\"Enjoy Marbella\"},\"image\":{\"@id\":\"https:\/\/enjoymarbella.net\/es\/#\/schema\/logo\/image\/\"},\"sameAs\":[\"https:\/\/www.instagram.com\/enjoy_marbella\/\"]}]}<\/script>\n<!-- \/ Yoast SEO plugin. -->","yoast_head_json":{"title":"Sesiones de Fotograf\u00eda y Video Dron - Enjoy Marbella","robots":{"index":"index","follow":"follow","max-snippet":"max-snippet:-1","max-image-preview":"max-image-preview:large","max-video-preview":"max-video-preview:-1"},"canonical":"https:\/\/enjoymarbella.net\/en\/individuals\/","og_locale":"en_US","og_type":"article","og_title":"Sesiones de Fotograf\u00eda y Video Dron - Enjoy Marbella","og_description":"Explora la Emoci\u00f3n del Mar En EnjoyMarbella, te invitamos a sumergirte en la emoci\u00f3n de los deportes acu\u00e1ticos y la belleza del mar Mediterr\u00e1neo a trav\u00e9s de nuestras sesiones de fotograf\u00eda y video dron especialmente dise\u00f1adas para ti. Desde la adrenalina de montar un jetski hasta la serenidad de un paseo en barco o yate,&hellip;&nbsp;Read More &raquo;Sesiones de Fotograf\u00eda y Video Dron","og_url":"https:\/\/enjoymarbella.net\/en\/individuals\/","og_site_name":"Enjoy Marbella","article_modified_time":"2024-08-06T09:40:20+00:00","og_image":[{"url":"https:\/\/enjoymarbella.net\/wp-content\/uploads\/2024\/03\/Foto-24-8-23-13-05-51-scaled.jpg","type":"","width":"","height":""}],"twitter_card":"summary_large_image","twitter_misc":{"Est. reading time":"1 minute"},"schema":{"@context":"https:\/\/schema.org","@graph":[{"@type":"WebPage","@id":"https:\/\/enjoymarbella.net\/individuals\/","url":"https:\/\/enjoymarbella.net\/individuals\/","name":"Sesiones de Fotograf\u00eda y Video Dron - Enjoy Marbella","isPartOf":{"@id":"https:\/\/enjoymarbella.net\/es\/#website"},"primaryImageOfPage":{"@id":"https:\/\/enjoymarbella.net\/individuals\/#primaryimage"},"image":{"@id":"https:\/\/enjoymarbella.net\/individuals\/#primaryimage"},"thumbnailUrl":"https:\/\/enjoymarbella.net\/wp-content\/uploads\/2024\/03\/Foto-24-8-23-13-05-51-scaled.jpg","datePublished":"2024-03-25T05:59:29+00:00","dateModified":"2024-08-06T09:40:20+00:00","breadcrumb":{"@id":"https:\/\/enjoymarbella.net\/individuals\/#breadcrumb"},"inLanguage":"en-US","potentialAction":[{"@type":"ReadAction","target":["https:\/\/enjoymarbella.net\/individuals\/"]}]},{"@type":"ImageObject","inLanguage":"en-US","@id":"https:\/\/enjoymarbella.net\/individuals\/#primaryimage","url":"https:\/\/enjoymarbella.net\/wp-content\/uploads\/2024\/03\/Foto-24-8-23-13-05-51-scaled.jpg","contentUrl":"https:\/\/enjoymarbella.net\/wp-content\/uploads\/2024\/03\/Foto-24-8-23-13-05-51-scaled.jpg"},{"@type":"BreadcrumbList","@id":"https:\/\/enjoymarbella.net\/individuals\/#breadcrumb","itemListElement":[{"@type":"ListItem","position":1,"name":"Portada","item":"https:\/\/enjoymarbella.net\/"},{"@type":"ListItem","position":2,"name":"Sesiones de Fotograf\u00eda y Video Dron"}]},{"@type":"WebSite","@id":"https:\/\/enjoymarbella.net\/es\/#website","url":"https:\/\/enjoymarbella.net\/es\/","name":"Enjoy Marbella","description":"","publisher":{"@id":"https:\/\/enjoymarbella.net\/es\/#organization"},"potentialAction":[{"@type":"SearchAction","target":{"@type":"EntryPoint","urlTemplate":"https:\/\/enjoymarbella.net\/es\/?s={search_term_string}"},"query-input":{"@type":"PropertyValueSpecification","valueRequired":true,"valueName":"search_term_string"}}],"inLanguage":"en-US"},{"@type":"Organization","@id":"https:\/\/enjoymarbella.net\/es\/#organization","name":"Enjoy Marbella","url":"https:\/\/enjoymarbella.net\/es\/","logo":{"@type":"ImageObject","inLanguage":"en-US","@id":"https:\/\/enjoymarbella.net\/es\/#\/schema\/logo\/image\/","url":"https:\/\/enjoymarbella.net\/wp-content\/uploads\/2024\/03\/cropped-ENJOY-MARBELLA-TODO-COLOR-4-copia.png","contentUrl":"https:\/\/enjoymarbella.net\/wp-content\/uploads\/2024\/03\/cropped-ENJOY-MARBELLA-TODO-COLOR-4-copia.png","width":200,"height":90,"caption":"Enjoy Marbella"},"image":{"@id":"https:\/\/enjoymarbella.net\/es\/#\/schema\/logo\/image\/"},"sameAs":["https:\/\/www.instagram.com\/enjoy_marbella\/"]}]}},"_links":{"self":[{"href":"https:\/\/enjoymarbella.net\/en\/wp-json\/wp\/v2\/pages\/231","targetHints":{"allow":["GET"]}}],"collection":[{"href":"https:\/\/enjoymarbella.net\/en\/wp-json\/wp\/v2\/pages"}],"about":[{"href":"https:\/\/enjoymarbella.net\/en\/wp-json\/wp\/v2\/types\/page"}],"author":[{"embeddable":true,"href":"https:\/\/enjoymarbella.net\/en\/wp-json\/wp\/v2\/users\/1"}],"replies":[{"embeddable":true,"href":"https:\/\/enjoymarbella.net\/en\/wp-json\/wp\/v2\/comments?post=231"}],"version-history":[{"count":34,"href":"https:\/\/enjoymarbella.net\/en\/wp-json\/wp\/v2\/pages\/231\/revisions"}],"predecessor-version":[{"id":675,"href":"https:\/\/enjoymarbella.net\/en\/wp-json\/wp\/v2\/pages\/231\/revisions\/675"}],"wp:attachment":[{"href":"https:\/\/enjoymarbella.net\/en\/wp-json\/wp\/v2\/media?parent=231"}],"curies":[{"name":"wp","href":"https:\/\/api.w.org\/{rel}","templated":true}]}}