{"id":229,"date":"2024-03-25T06:59:01","date_gmt":"2024-03-25T05:59:01","guid":{"rendered":"https:\/\/enjoymarbella.net\/?page_id=229"},"modified":"2024-08-14T08:27:04","modified_gmt":"2024-08-14T06:27:04","slug":"fotografia-y-video-dron-para-tu-negocio","status":"publish","type":"page","link":"https:\/\/enjoymarbella.net\/en\/fotografia-y-video-dron-para-tu-negocio\/","title":{"rendered":"Fotograf\u00eda y video dron para tu negocio"},"content":{"rendered":"<div class=\"wp-block-columns is-layout-flex wp-container-core-columns-is-layout-9d6595d7 wp-block-columns-is-layout-flex\">\n<div class=\"wp-block-column is-layout-flow wp-block-column-is-layout-flow\"><\/div>\n\n\n\n<div class=\"wp-block-column is-layout-flow wp-block-column-is-layout-flow\">\n<div style=\"height:44px\" aria-hidden=\"true\" class=\"wp-block-spacer\"><\/div>\n<\/div>\n\n\n\n<div class=\"wp-block-column is-layout-flow wp-block-column-is-layout-flow\"><\/div>\n<\/div>\n\n\n\n<div class=\"wp-block-columns is-layout-flex wp-container-core-columns-is-layout-9d6595d7 wp-block-columns-is-layout-flex\">\n<div class=\"wp-block-column is-layout-flow wp-block-column-is-layout-flow\">\n<p>In the midst of the summer preseason, we entrepreneurs on the Costa del Sol speed up preparations to have everything ready by June at the latest, right? <\/p>\n\n\n\n<p>In an increasingly visual and digital world, a business's image plays a crucial role in its success. It is the first impression potential customers have of your brand, and it can significantly influence their perception and purchasing decisions. Investing in a professional image is key to standing out in a saturated market and capturing the attention of your target audience.<\/p>\n\n\n\n<p>At <strong>EnjoyMarbella<\/strong>, we specialize in capturing the unique essence of your coastal business with our drone photography and video services. Whether you run a beachside bar, a nautical street, a beachfront entertainment center, or a mini-golf course, we are here to provide you with stunning images that highlight the beauty and fun of your establishment.<\/p>\n\n\n\n<div class=\"wp-block-buttons is-content-justification-right is-layout-flex wp-container-core-buttons-is-layout-765c4724 wp-block-buttons-is-layout-flex\">\n<div class=\"wp-block-button is-style-primary\"><a class=\"wp-block-button__link wp-element-button\" href=\"https:\/\/enjoymarbella.net\/en\/index.php\/contacto-esp\/\">REQUEST A QUOTE!<\/a><\/div>\n<\/div>\n<\/div>\n<\/div>\n\n\n\n<div style=\"height:51px\" aria-hidden=\"true\" class=\"wp-block-spacer\"><\/div>\n\n\n\n<div class=\"wp-block-group is-nowrap is-layout-flex wp-container-core-group-is-layout-ad2f72ca wp-block-group-is-layout-flex\">\n<div class=\"wp-block-group is-vertical is-layout-flex wp-container-core-group-is-layout-8cf370e7 wp-block-group-is-layout-flex\">\n<h4 class=\"wp-block-heading\"><strong>Professional Photography<\/strong><\/h4>\n\n\n\n<p>Our team of expert photographers works to capture the highlights of your business, from the relaxed atmosphere of a beachside bar at sunset to the excitement of a mini-golf game in full swing.<\/p>\n\n\n\n<div style=\"height:27px\" aria-hidden=\"true\" class=\"wp-block-spacer wp-container-content-8a389b04\"><\/div>\n\n\n\n<div class=\"wp-block-group is-nowrap is-layout-flex wp-container-core-group-is-layout-ad2f72ca wp-block-group-is-layout-flex\">\n<div class=\"wp-block-group is-vertical is-layout-flex wp-container-core-group-is-layout-8cf370e7 wp-block-group-is-layout-flex\">\n<h4 class=\"wp-block-heading\"><strong>High-Quality Drone Video<\/strong><\/h4>\n\n\n\n<p>Elevate your online presence with stunning aerial shots of your business. From panoramic views of the coast to impressive overhead shots of your facilities, our team of certified drone pilots captures unique images that will captivate your potential customers.<\/p>\n<\/div>\n\n\n\n<div style=\"height:100px;width:0px\" aria-hidden=\"true\" class=\"wp-block-spacer wp-container-content-6388d5dc\"><\/div>\n<\/div>\n\n\n\n<div style=\"height:27px\" aria-hidden=\"true\" class=\"wp-block-spacer wp-container-content-8a389b04\"><\/div>\n<\/div>\n<\/div>\n\n\n\n<div class=\"wp-block-group is-nowrap is-layout-flex wp-container-core-group-is-layout-ad2f72ca wp-block-group-is-layout-flex\">\n<div class=\"wp-block-group is-vertical is-layout-flex wp-container-core-group-is-layout-8cf370e7 wp-block-group-is-layout-flex\">\n<h4 class=\"wp-block-heading\"><strong>Customized Audiovisual Sessions<\/strong><\/h4>\n\n\n\n<p>We adapt to your specific needs to provide a personalized photography experience that reflects the identity and atmosphere of your business.<\/p>\n<\/div>\n<\/div>\n\n\n\n<div class=\"wp-block-columns is-layout-flex wp-container-core-columns-is-layout-9d6595d7 wp-block-columns-is-layout-flex\">\n<div class=\"wp-block-column is-layout-flow wp-block-column-is-layout-flow\">\n<div style=\"height:51px\" aria-hidden=\"true\" class=\"wp-block-spacer\"><\/div>\n\n\n\n<div class=\"wp-block-buttons is-layout-flex wp-block-buttons-is-layout-flex\">\n<div class=\"wp-block-button is-style-secondary\"><a class=\"wp-block-button__link wp-element-button\" href=\"https:\/\/enjoymarbella.net\/en\/index.php\/contacto-esp\/\">REQUEST A QUOTE!<\/a><\/div>\n<\/div>\n\n\n\n<div style=\"height:27px\" aria-hidden=\"true\" class=\"wp-block-spacer\"><\/div>\n<\/div>\n<\/div>\n\n\n\n<div class=\"wp-block-group\"><div class=\"wp-block-group__inner-container is-layout-constrained wp-block-group-is-layout-constrained\"><\/div><\/div>\n\n\n\n<div class=\"wp-block-columns is-layout-flex wp-container-core-columns-is-layout-9d6595d7 wp-block-columns-is-layout-flex\">\n<div class=\"wp-block-column is-layout-flow wp-block-column-is-layout-flow\" style=\"flex-basis:25%\"><\/div>\n\n\n\n<div class=\"wp-block-column is-layout-flow wp-block-column-is-layout-flow\" style=\"flex-basis:50%\">\n<div class=\"wp-block-columns is-layout-flex wp-container-core-columns-is-layout-9d6595d7 wp-block-columns-is-layout-flex\">\n<div class=\"wp-block-column is-layout-flow wp-block-column-is-layout-flow\">\n<div style=\"height:51px\" aria-hidden=\"true\" class=\"wp-block-spacer\"><\/div>\n\n\n\n<h2 class=\"wp-block-heading has-text-align-center\"><strong>Why Choose EnjoyMarbella?<\/strong><\/h2>\n\n\n\n<div class=\"wp-block-group is-vertical is-content-justification-center is-layout-flex wp-container-core-group-is-layout-4b2eccd6 wp-block-group-is-layout-flex\">\n<h5 class=\"wp-block-heading has-text-align-center\"><strong>Experience and Professionalism<\/strong><\/h5>\n\n\n\n<p class=\"has-text-align-center\">With years of experience in the photography and video industry, we guarantee high-quality results that will exceed your expectations.<br><\/p>\n\n\n\n<div style=\"height:27px\" aria-hidden=\"true\" class=\"wp-block-spacer wp-container-content-8a389b04\"><\/div>\n\n\n\n<div class=\"wp-block-group is-nowrap is-layout-flex wp-container-core-group-is-layout-ad2f72ca wp-block-group-is-layout-flex\"><\/div>\n<\/div>\n\n\n\n<div class=\"wp-block-group is-vertical is-content-justification-center is-layout-flex wp-container-core-group-is-layout-4b2eccd6 wp-block-group-is-layout-flex\">\n<h5 class=\"wp-block-heading\"><strong><strong>Creativity and Originality<\/strong><\/strong><\/h5>\n\n\n\n<p class=\"has-text-align-center\">We strive to provide you with unique and creative images that highlight the distinctiveness of your business and help you stand out from the competition.<br><\/p>\n\n\n\n<div style=\"height:27px\" aria-hidden=\"true\" class=\"wp-block-spacer wp-container-content-8a389b04\"><\/div>\n\n\n\n<div class=\"wp-block-group is-nowrap is-layout-flex wp-container-core-group-is-layout-ad2f72ca wp-block-group-is-layout-flex\"><\/div>\n<\/div>\n\n\n\n<div class=\"wp-block-group is-vertical is-content-justification-center is-layout-flex wp-container-core-group-is-layout-4b2eccd6 wp-block-group-is-layout-flex\">\n<h5 class=\"wp-block-heading\"><strong><strong>Commitment to Customer Satisfaction<\/strong><\/strong><\/h5>\n\n\n\n<p class=\"has-text-align-center\">Your satisfaction is our priority. We work closely with you to ensure that every image and video faithfully reflects your vision for your business.<br><\/p>\n\n\n\n<div style=\"height:0px\" aria-hidden=\"true\" class=\"wp-block-spacer wp-container-content-2a5a8001\"><\/div>\n\n\n\n<div class=\"wp-block-buttons is-layout-flex wp-block-buttons-is-layout-flex\">\n<div class=\"wp-block-button is-style-primary\"><a class=\"wp-block-button__link wp-element-button\" href=\"https:\/\/enjoymarbella.net\/en\/index.php\/contacto-esp\/\">REQUEST A QUOTE!<\/a><\/div>\n<\/div>\n<\/div>\n<\/div>\n<\/div>\n<\/div>\n\n\n\n<div class=\"wp-block-column is-layout-flow wp-block-column-is-layout-flow\" style=\"flex-basis:25%\"><\/div>\n<\/div>\n\n\n\n<div class=\"wp-block-columns is-layout-flex wp-container-core-columns-is-layout-9d6595d7 wp-block-columns-is-layout-flex\">\n<div class=\"wp-block-column is-layout-flow wp-block-column-is-layout-flow\">\n<p class=\"has-text-align-center\"><br><br>Let us help you bring the magic of your coastal business to the digital world with our photography and drone video services! <br><br>Contact us today to learn more about how we can work together to make your business shine.<\/p>\n<\/div>\n<\/div>","protected":false},"excerpt":{"rendered":"<p>En plena pretemporada de verano los empresarios en la costa del sol aceleramos los preparativos para tenerlo todo a punto a m\u00e1s tardar en junio, verdad? En un mundo cada vez m\u00e1s visual y digital, la imagen de un negocio desempe\u00f1a un papel fundamental en su \u00e9xito. Es la primera impresi\u00f3n que los clientes potenciales&hellip;&nbsp;<a href=\"https:\/\/enjoymarbella.net\/en\/fotografia-y-video-dron-para-tu-negocio\/\" rel=\"bookmark\">Read More &raquo;<span class=\"screen-reader-text\">Fotograf\u00eda y video dron para tu negocio<\/span><\/a><\/p>","protected":false},"author":1,"featured_media":0,"parent":0,"menu_order":0,"comment_status":"closed","ping_status":"closed","template":"","meta":{"neve_meta_sidebar":"","neve_meta_container":"","neve_meta_enable_content_width":"","neve_meta_content_width":0,"neve_meta_title_alignment":"","neve_meta_author_avatar":"","neve_post_elements_order":"","neve_meta_disable_header":"","neve_meta_disable_footer":"","neve_meta_disable_title":"","_themeisle_gutenberg_block_has_review":false,"footnotes":""},"class_list":["post-229","page","type-page","status-publish","hentry"],"yoast_head":"<!-- This site is optimized with the Yoast SEO plugin v25.3.1 - https:\/\/yoast.com\/wordpress\/plugins\/seo\/ -->\n<title>Fotograf\u00eda y video dron para tu negocio - Enjoy Marbella<\/title>\n<meta name=\"robots\" content=\"index, follow, max-snippet:-1, max-image-preview:large, max-video-preview:-1\" \/>\n<link rel=\"canonical\" href=\"https:\/\/enjoymarbella.net\/en\/fotografia-y-video-dron-para-tu-negocio\/\" \/>\n<meta property=\"og:locale\" content=\"en_US\" \/>\n<meta property=\"og:type\" content=\"article\" \/>\n<meta property=\"og:title\" content=\"Fotograf\u00eda y video dron para tu negocio - Enjoy Marbella\" \/>\n<meta property=\"og:description\" content=\"En plena pretemporada de verano los empresarios en la costa del sol aceleramos los preparativos para tenerlo todo a punto a m\u00e1s tardar en junio, verdad? En un mundo cada vez m\u00e1s visual y digital, la imagen de un negocio desempe\u00f1a un papel fundamental en su \u00e9xito. Es la primera impresi\u00f3n que los clientes potenciales&hellip;&nbsp;Read More &raquo;Fotograf\u00eda y video dron para tu negocio\" \/>\n<meta property=\"og:url\" content=\"https:\/\/enjoymarbella.net\/en\/fotografia-y-video-dron-para-tu-negocio\/\" \/>\n<meta property=\"og:site_name\" content=\"Enjoy Marbella\" \/>\n<meta property=\"article:modified_time\" content=\"2024-08-14T06:27:04+00:00\" \/>\n<meta name=\"twitter:card\" content=\"summary_large_image\" \/>\n<meta name=\"twitter:label1\" content=\"Est. reading time\" \/>\n\t<meta name=\"twitter:data1\" content=\"2 minutes\" \/>\n<script type=\"application\/ld+json\" class=\"yoast-schema-graph\">{\"@context\":\"https:\/\/schema.org\",\"@graph\":[{\"@type\":\"WebPage\",\"@id\":\"https:\/\/enjoymarbella.net\/fotografia-y-video-dron-para-tu-negocio\/\",\"url\":\"https:\/\/enjoymarbella.net\/fotografia-y-video-dron-para-tu-negocio\/\",\"name\":\"Fotograf\u00eda y video dron para tu negocio - Enjoy Marbella\",\"isPartOf\":{\"@id\":\"https:\/\/enjoymarbella.net\/es\/#website\"},\"datePublished\":\"2024-03-25T05:59:01+00:00\",\"dateModified\":\"2024-08-14T06:27:04+00:00\",\"breadcrumb\":{\"@id\":\"https:\/\/enjoymarbella.net\/fotografia-y-video-dron-para-tu-negocio\/#breadcrumb\"},\"inLanguage\":\"en-US\",\"potentialAction\":[{\"@type\":\"ReadAction\",\"target\":[\"https:\/\/enjoymarbella.net\/fotografia-y-video-dron-para-tu-negocio\/\"]}]},{\"@type\":\"BreadcrumbList\",\"@id\":\"https:\/\/enjoymarbella.net\/fotografia-y-video-dron-para-tu-negocio\/#breadcrumb\",\"itemListElement\":[{\"@type\":\"ListItem\",\"position\":1,\"name\":\"Portada\",\"item\":\"https:\/\/enjoymarbella.net\/\"},{\"@type\":\"ListItem\",\"position\":2,\"name\":\"Fotograf\u00eda y video dron para tu negocio\"}]},{\"@type\":\"WebSite\",\"@id\":\"https:\/\/enjoymarbella.net\/es\/#website\",\"url\":\"https:\/\/enjoymarbella.net\/es\/\",\"name\":\"Enjoy Marbella\",\"description\":\"\",\"publisher\":{\"@id\":\"https:\/\/enjoymarbella.net\/es\/#organization\"},\"potentialAction\":[{\"@type\":\"SearchAction\",\"target\":{\"@type\":\"EntryPoint\",\"urlTemplate\":\"https:\/\/enjoymarbella.net\/es\/?s={search_term_string}\"},\"query-input\":{\"@type\":\"PropertyValueSpecification\",\"valueRequired\":true,\"valueName\":\"search_term_string\"}}],\"inLanguage\":\"en-US\"},{\"@type\":\"Organization\",\"@id\":\"https:\/\/enjoymarbella.net\/es\/#organization\",\"name\":\"Enjoy Marbella\",\"url\":\"https:\/\/enjoymarbella.net\/es\/\",\"logo\":{\"@type\":\"ImageObject\",\"inLanguage\":\"en-US\",\"@id\":\"https:\/\/enjoymarbella.net\/es\/#\/schema\/logo\/image\/\",\"url\":\"https:\/\/enjoymarbella.net\/wp-content\/uploads\/2024\/03\/cropped-ENJOY-MARBELLA-TODO-COLOR-4-copia.png\",\"contentUrl\":\"https:\/\/enjoymarbella.net\/wp-content\/uploads\/2024\/03\/cropped-ENJOY-MARBELLA-TODO-COLOR-4-copia.png\",\"width\":200,\"height\":90,\"caption\":\"Enjoy Marbella\"},\"image\":{\"@id\":\"https:\/\/enjoymarbella.net\/es\/#\/schema\/logo\/image\/\"},\"sameAs\":[\"https:\/\/www.instagram.com\/enjoy_marbella\/\"]}]}<\/script>\n<!-- \/ Yoast SEO plugin. -->","yoast_head_json":{"title":"Fotograf\u00eda y video dron para tu negocio - Enjoy Marbella","robots":{"index":"index","follow":"follow","max-snippet":"max-snippet:-1","max-image-preview":"max-image-preview:large","max-video-preview":"max-video-preview:-1"},"canonical":"https:\/\/enjoymarbella.net\/en\/fotografia-y-video-dron-para-tu-negocio\/","og_locale":"en_US","og_type":"article","og_title":"Fotograf\u00eda y video dron para tu negocio - Enjoy Marbella","og_description":"En plena pretemporada de verano los empresarios en la costa del sol aceleramos los preparativos para tenerlo todo a punto a m\u00e1s tardar en junio, verdad? En un mundo cada vez m\u00e1s visual y digital, la imagen de un negocio desempe\u00f1a un papel fundamental en su \u00e9xito. Es la primera impresi\u00f3n que los clientes potenciales&hellip;&nbsp;Read More &raquo;Fotograf\u00eda y video dron para tu negocio","og_url":"https:\/\/enjoymarbella.net\/en\/fotografia-y-video-dron-para-tu-negocio\/","og_site_name":"Enjoy Marbella","article_modified_time":"2024-08-14T06:27:04+00:00","twitter_card":"summary_large_image","twitter_misc":{"Est. reading time":"2 minutes"},"schema":{"@context":"https:\/\/schema.org","@graph":[{"@type":"WebPage","@id":"https:\/\/enjoymarbella.net\/fotografia-y-video-dron-para-tu-negocio\/","url":"https:\/\/enjoymarbella.net\/fotografia-y-video-dron-para-tu-negocio\/","name":"Fotograf\u00eda y video dron para tu negocio - Enjoy Marbella","isPartOf":{"@id":"https:\/\/enjoymarbella.net\/es\/#website"},"datePublished":"2024-03-25T05:59:01+00:00","dateModified":"2024-08-14T06:27:04+00:00","breadcrumb":{"@id":"https:\/\/enjoymarbella.net\/fotografia-y-video-dron-para-tu-negocio\/#breadcrumb"},"inLanguage":"en-US","potentialAction":[{"@type":"ReadAction","target":["https:\/\/enjoymarbella.net\/fotografia-y-video-dron-para-tu-negocio\/"]}]},{"@type":"BreadcrumbList","@id":"https:\/\/enjoymarbella.net\/fotografia-y-video-dron-para-tu-negocio\/#breadcrumb","itemListElement":[{"@type":"ListItem","position":1,"name":"Portada","item":"https:\/\/enjoymarbella.net\/"},{"@type":"ListItem","position":2,"name":"Fotograf\u00eda y video dron para tu negocio"}]},{"@type":"WebSite","@id":"https:\/\/enjoymarbella.net\/es\/#website","url":"https:\/\/enjoymarbella.net\/es\/","name":"Enjoy Marbella","description":"","publisher":{"@id":"https:\/\/enjoymarbella.net\/es\/#organization"},"potentialAction":[{"@type":"SearchAction","target":{"@type":"EntryPoint","urlTemplate":"https:\/\/enjoymarbella.net\/es\/?s={search_term_string}"},"query-input":{"@type":"PropertyValueSpecification","valueRequired":true,"valueName":"search_term_string"}}],"inLanguage":"en-US"},{"@type":"Organization","@id":"https:\/\/enjoymarbella.net\/es\/#organization","name":"Enjoy Marbella","url":"https:\/\/enjoymarbella.net\/es\/","logo":{"@type":"ImageObject","inLanguage":"en-US","@id":"https:\/\/enjoymarbella.net\/es\/#\/schema\/logo\/image\/","url":"https:\/\/enjoymarbella.net\/wp-content\/uploads\/2024\/03\/cropped-ENJOY-MARBELLA-TODO-COLOR-4-copia.png","contentUrl":"https:\/\/enjoymarbella.net\/wp-content\/uploads\/2024\/03\/cropped-ENJOY-MARBELLA-TODO-COLOR-4-copia.png","width":200,"height":90,"caption":"Enjoy Marbella"},"image":{"@id":"https:\/\/enjoymarbella.net\/es\/#\/schema\/logo\/image\/"},"sameAs":["https:\/\/www.instagram.com\/enjoy_marbella\/"]}]}},"_links":{"self":[{"href":"https:\/\/enjoymarbella.net\/en\/wp-json\/wp\/v2\/pages\/229","targetHints":{"allow":["GET"]}}],"collection":[{"href":"https:\/\/enjoymarbella.net\/en\/wp-json\/wp\/v2\/pages"}],"about":[{"href":"https:\/\/enjoymarbella.net\/en\/wp-json\/wp\/v2\/types\/page"}],"author":[{"embeddable":true,"href":"https:\/\/enjoymarbella.net\/en\/wp-json\/wp\/v2\/users\/1"}],"replies":[{"embeddable":true,"href":"https:\/\/enjoymarbella.net\/en\/wp-json\/wp\/v2\/comments?post=229"}],"version-history":[{"count":22,"href":"https:\/\/enjoymarbella.net\/en\/wp-json\/wp\/v2\/pages\/229\/revisions"}],"predecessor-version":[{"id":674,"href":"https:\/\/enjoymarbella.net\/en\/wp-json\/wp\/v2\/pages\/229\/revisions\/674"}],"wp:attachment":[{"href":"https:\/\/enjoymarbella.net\/en\/wp-json\/wp\/v2\/media?parent=229"}],"curies":[{"name":"wp","href":"https:\/\/api.w.org\/{rel}","templated":true}]}}